{"id":815,"date":"2023-01-25T18:51:44","date_gmt":"2023-01-25T18:51:44","guid":{"rendered":"https:\/\/dasgblputzmittel.com\/?post_type=product&#038;p=815"},"modified":"2023-05-27T15:56:35","modified_gmt":"2023-05-27T15:56:35","slug":"gbl-kaufen-online","status":"publish","type":"product","link":"https:\/\/dasgblputzmittel.com\/fr\/product\/gbl-kaufen-online\/","title":{"rendered":"GBL acheter en ligne"},"content":{"rendered":"<h2><span style=\"vertical-align: inherit;\"><span style=\"vertical-align: inherit;\">Buy Gbl online | What is GBL<\/span><\/span><\/h2>\n<p><span style=\"vertical-align: inherit;\"><span style=\"vertical-align: inherit;\">Buy gbl in UK ( Gamma-butyrolactone &#8211; \u03b3-butyrolactone ) is a water-soluble, colorless liquid with a weak, characteristic smell that is soluble in water. GBL is a common solvent and reagent in chemistry and is also used as a flavoring agent, as a cleaning agent, as a super adhesive remover and as a solvent in some wet aluminum electrolytic capacitors.<\/span><\/span><\/p>\n<p><span style=\"vertical-align: inherit;\"><span style=\"vertical-align: inherit;\">In humans, it acts as a prodrug for GHB and is used as a leisure abrasive with alcohol-like effects.<\/span><\/span><\/p>\n<p><span style=\"vertical-align: inherit;\"><span style=\"vertical-align: inherit;\">GBL is not an independent active ingredient; its mechanism of action results from its identity as a prodrug from GHB. The hypnotic effect of GHB is enhanced by the combination with alcohol. A 2003 rat study showed that GBL in combination with ethanol has an increased hypnotic effect because the sleep duration was longer than that of the two individual components combined.<\/span><\/span><\/p>\n<h3><span style=\"vertical-align: inherit;\"><span style=\"vertical-align: inherit;\">USE AND EFFECT:<\/span><\/span><\/h3>\n<p><span style=\"vertical-align: inherit;\"><span style=\"vertical-align: inherit;\">Gamma-butyrolactone GBL is a magical cleaner that has a unique cleaning power.<\/span><\/span><br \/>\n<span style=\"vertical-align: inherit;\"><span style=\"vertical-align: inherit;\">Causes relaxation.<\/span><\/span><br \/>\n<span style=\"vertical-align: inherit;\"><span style=\"vertical-align: inherit;\">Increases mental clarity.<\/span><\/span><br \/>\n<span style=\"vertical-align: inherit;\"><span style=\"vertical-align: inherit;\">Relief of depression and stress.<\/span><\/span><br \/>\n<span style=\"vertical-align: inherit;\"><span style=\"vertical-align: inherit;\">Extends life.<\/span><\/span><br \/>\n<span style=\"vertical-align: inherit;\"><span style=\"vertical-align: inherit;\">Improve sexual performance and pleasure.<\/span><\/span><br \/>\n<span style=\"vertical-align: inherit;\"><span style=\"vertical-align: inherit;\">Degradation of fat.<\/span><\/span><br \/>\n<span style=\"vertical-align: inherit;\"><span style=\"vertical-align: inherit;\">Release of growth hormones.<\/span><\/span><br \/>\n<span style=\"vertical-align: inherit;\"><span style=\"vertical-align: inherit;\">Improvement of athletic performance.<\/span><\/span><br \/>\n<span style=\"vertical-align: inherit;\"><span style=\"vertical-align: inherit;\">Improve sleep.<\/span><\/span><br \/>\n<span style=\"vertical-align: inherit;\"><span style=\"vertical-align: inherit;\">As a bodybuilder or muscle building assistant.<\/span><\/span><br \/>\n<span style=\"vertical-align: inherit;\"><span style=\"vertical-align: inherit;\">As a leisure drug.<\/span><\/span><br \/>\n<span style=\"vertical-align: inherit;\"><span style=\"vertical-align: inherit;\">GBL was found in extracts from samples of genuine wines. This finding suggests that GBL is a naturally occurring ingredient in some wines and can also be present in similar products. The proven concentration was approximately 5 \u03bcg \/ ml and could easily be demonstrated with a simple extraction technique and subsequent GC \/ MS analysis.<\/span><\/span><\/p>\n<p><span style=\"vertical-align: inherit;\"><span style=\"vertical-align: inherit;\">GBL can be found in cheese flavors, but usually results in a content of 0.0002% GBL in the final food. We specialize in the sale of gamma-butyrolactone all over the world. And guarantee fast and professional delivery of GBL Cleaner.<\/span><\/span><\/p>\n<h4><span style=\"vertical-align: inherit;\"><span style=\"vertical-align: inherit;\">Order GBL ( Gamma-Butyrolacton ) online<\/span><\/span><\/h4>\n<p><span style=\"vertical-align: inherit;\"><span style=\"vertical-align: inherit;\">Gamma-butyrolactone is an ideal antioxidant, plasticizer, dispersant and solvent. However, GBL is most commonly used as an intermediate in the manufacture of chemical derivatives such as methyl 2-pyrrolidone, also known as NMP.<\/span><\/span><\/p>\n<p><span style=\"vertical-align: inherit;\"><span style=\"vertical-align: inherit;\">In addition to its use in chemical production, GBL is also known as a fragrance in some household products as well as a solvent in lotions, nail polish removers and some polymers.<\/span><\/span><br \/>\n<span style=\"vertical-align: inherit;\"><span style=\"vertical-align: inherit;\">It can also be used in the manufacture of batteries and capacitors when mixed with a small amount of ethylene glycol.<\/span><\/span><br \/>\n<span style=\"vertical-align: inherit;\"><span style=\"vertical-align: inherit;\">GBL ( Gamma-butyrolactone ) is a pro-drug of GHB, which means that it converts to GHB in the body. GBL occurs naturally in certain foods, is found in small quantities in the human body and is commercially available as an industrial solvent and as part of cleaning agents, paint removers and motor degreasing agents.<\/span><\/span><\/p>\n<p><span style=\"vertical-align: inherit;\"><span style=\"vertical-align: inherit;\">Gamma-butyrolactone is a chemical. It is used as medicine. Be careful not to confuse gamma-butyrolactone ( GBL ) with gamma hydroxybutyrate ( GHB ). Despite serious safety concerns and illegality, people take gamma-butyrolactone to improve their athletic performance, sleep, sexual performance and pleasure.<\/span><\/span><\/p>\n<h3><span style=\"vertical-align: inherit;\"><span style=\"vertical-align: inherit;\">Buy GBL on Amazon ( Gamma Butyrolactone )<\/span><\/span><\/h3>\n<p><span style=\"vertical-align: inherit;\"><span style=\"vertical-align: inherit;\">Buy GBL online Australia was found in extracts from samples of genuine wines. Now you can buy without any problems, buy gbl cleaner uk, buy gbl online usa, buy gbl online reddit. This finding suggests that GBL is a naturally occurring ingredient in some wines and can be present in similar products.<\/span><\/span><\/p>\n<p>Die nachgewiesene Konzentration betrug etwa 5 \u03bcg\/ml und konnte mit einer einfachen Extraktionstechnik und anschlie\u00dfender GC\/MS-Analyse leicht nachgewiesen werden. GBL kann in K\u00e4searomen vorkommen, f\u00fchrt aber in der Regel zu einem Gehalt von 0,0002 % GBL im Endlebensmittel.<\/p>\n<p>GBL ist ein Lacton. Es wird unter basischen Bedingungen, z. B. in einer Natriumhydroxidl\u00f6sung, zu Natrium-Gamma-Hydroxybutyrat, dem Natriumsalz der Gamma-Hydroxybutters\u00e4ure, hydrolysiert. Unter sauren Bedingungen bildet es ein Gleichgewichtsgemisch aus beiden Verbindungen. Aus diesen Verbindungen kann sich dann ein Polymer bilden.<\/p>\n<p>Bei Behandlung mit einer nicht-nukleophilen Base, wie Lithiumdiisopropylamid, kann GBL zu einem Alpha-Kohlenstoff-Nukleophil werden. Die verwandte Verbindung Caprolacton kann auf diese Weise zur Herstellung eines Polyesters verwendet werden. Kaufen Sie Gbl-Reiniger, erstklassige Qualit\u00e4tsprodukte, vern\u00fcnftige Preise und ein ausgezeichneter Kundenservice haben uns zu einem der besten Anbieter von Multientfernern gemacht!<\/p>\n<p>Das Unternehmen w\u00e4hlt nur vertrauensw\u00fcrdige Hersteller aus, um Produkte von h\u00f6chster Qualit\u00e4t zu liefern. Wir k\u00fcmmern uns um den Wert unserer Kunden und ihre Meinungen. Deshalb versuchen wir, eine Atmosph\u00e4re des Vertrauens und der Ehrlichkeit zu schaffen.<\/p>\n<p>Wir freuen uns darauf, erfolgreiche Gesch\u00e4ftsbeziehungen mit neuen Kunden auf der ganzen Welt aufzubauen. Unser Kundendienst beantwortet alle E-Mails innerhalb von 1 Stunde, so dass Sie nicht warten m\u00fcssen, wenn Sie uns kontaktieren, und sich fragen, ob jemand am anderen Ende der Leitung ist.<\/p>\n<h3>GBL) AUSSEHEN UND GESCHMACK:<\/h3>\n<p>Bei Raumtemperatur ist GBL eine farblose, leicht \u00f6lige Fl\u00fcssigkeit, die klar bis semi-opak ist.<br \/>\nEs hat einen unverwechselbaren Geschmack, den einige Konsumenten als deutlich chemisch beschreiben, wie ein L\u00f6sungsmittel, Nagellack oder Abbeizer.<\/p>\n<p><span style=\"vertical-align: inherit;\"><span style=\"vertical-align: inherit;\">Order GBL ( Gamma-Butyrolacton ) online<\/span><\/span><br \/>\n<span style=\"vertical-align: inherit;\"><span style=\"vertical-align: inherit;\">The best way to buy GBL is to find a reputable online retailer and do business online.<\/span><\/span><br \/>\n<span style=\"vertical-align: inherit;\"><span style=\"vertical-align: inherit;\">When you order from GBL Shop, your order will be sent by express delivery and you will receive your GBL in the fastest and safest way.<\/span><\/span><br \/>\n<span style=\"vertical-align: inherit;\"><span style=\"vertical-align: inherit;\">We sell GBL cleaners to many countries around the world and have the best customer service from all other shops.<\/span><\/span><br \/>\n<span style=\"vertical-align: inherit;\"><span style=\"vertical-align: inherit;\">When you are dealing with us, you are dealing with professionals who have your best interest in mind.<\/span><\/span><\/p>\n<p>&nbsp;<\/p>\n<p>&nbsp;<\/p>","protected":false},"excerpt":{"rendered":"<p>Buy Gbl online | What is GBL Buy gbl in UK ( Gamma-butyrolactone &#8211; \u03b3-butyrolactone ) is a water-soluble, colorless liquid with a weak, characteristic smell that is soluble in water. GBL is a common solvent and reagent in chemistry and is also used as a flavoring agent, as a cleaning agent, as a super adhesive remover and as a&#8230;<\/p>","protected":false},"featured_media":819,"comment_status":"open","ping_status":"closed","template":"","meta":[],"product_brand":[],"product_cat":[30],"product_tag":[34,40,43,42,41,32,38,31,37,33,39,36,35],"class_list":{"0":"post-815","1":"product","2":"type-product","3":"status-publish","4":"has-post-thumbnail","6":"product_cat-gbl","7":"product_tag-g-b-l-kaufen","8":"product_tag-gamma-butyrolactone","9":"product_tag-gamma-butyrolactone-bestellen","10":"product_tag-gamma-butyrolactone-kaufen","11":"product_tag-gamma-butyrolacton-kaufen","12":"product_tag-gbl-bestellen","13":"product_tag-gbl-droge-kaufen","14":"product_tag-gbl-kaufen","15":"product_tag-gbl-kaufen-250ml","16":"product_tag-gbl-kaufen-baumarkt","17":"product_tag-gbl-kaufen-dm-gbl-bestellen-online","18":"product_tag-gbl-tropfen-kaufen","19":"product_tag-reines-gbl-kaufen","21":"first","22":"instock","23":"shipping-taxable","24":"purchasable","25":"product-type-variable"},"_links":{"self":[{"href":"https:\/\/dasgblputzmittel.com\/fr\/wp-json\/wp\/v2\/product\/815","targetHints":{"allow":["GET"]}}],"collection":[{"href":"https:\/\/dasgblputzmittel.com\/fr\/wp-json\/wp\/v2\/product"}],"about":[{"href":"https:\/\/dasgblputzmittel.com\/fr\/wp-json\/wp\/v2\/types\/product"}],"replies":[{"embeddable":true,"href":"https:\/\/dasgblputzmittel.com\/fr\/wp-json\/wp\/v2\/comments?post=815"}],"wp:featuredmedia":[{"embeddable":true,"href":"https:\/\/dasgblputzmittel.com\/fr\/wp-json\/wp\/v2\/media\/819"}],"wp:attachment":[{"href":"https:\/\/dasgblputzmittel.com\/fr\/wp-json\/wp\/v2\/media?parent=815"}],"wp:term":[{"taxonomy":"product_brand","embeddable":true,"href":"https:\/\/dasgblputzmittel.com\/fr\/wp-json\/wp\/v2\/product_brand?post=815"},{"taxonomy":"product_cat","embeddable":true,"href":"https:\/\/dasgblputzmittel.com\/fr\/wp-json\/wp\/v2\/product_cat?post=815"},{"taxonomy":"product_tag","embeddable":true,"href":"https:\/\/dasgblputzmittel.com\/fr\/wp-json\/wp\/v2\/product_tag?post=815"}],"curies":[{"name":"wp","href":"https:\/\/api.w.org\/{rel}","templated":true}]}}